{"id":338,"date":"2025-08-22T09:44:07","date_gmt":"2025-08-22T07:44:07","guid":{"rendered":"https:\/\/darkdiving.de\/?page_id=338"},"modified":"2026-04-01T09:16:53","modified_gmt":"2026-04-01T07:16:53","slug":"underwater-navigator","status":"publish","type":"page","link":"https:\/\/darkdiving.de\/en\/underwater-navigator\/","title":{"rendered":"Underwater Navigator"},"content":{"rendered":"<h1 class=\"wp-block-heading\">Find your way under water!<\/h1>\n\n\n\n<p>Do you want to be the diver that everyone follows because you always know exactly where you are and where you are going?<br>With the <strong>Underwater Navigator Course<\/strong> you will learn precise underwater navigation, improve your observation skills and orient yourself safely using a compass and natural landmarks.<\/p>\n\n\n\n<h2 class=\"wp-block-heading\">This is how your course works:<\/h2>\n\n\n\n<h3 class=\"wp-block-heading\">Theory with eLearning<\/h3>\n\n\n\n<p>\u2714\ufe0f 2-4 hours of interactive eLearning<br>\u2714\ufe0f Basics of underwater navigation, compass use and orientation techniques<br>\u2714\ufe0f Learn theory flexibly from home, at your own pace<\/p>\n\n\n\n<h3 class=\"wp-block-heading\">Attendance days - practice &amp; open water dives<\/h3>\n\n\n\n<p>\u2714\ufe0f Presence day 1: Deepen theory &amp; 1 open water dive<br>\u2714\ufe0f Attendance day 2: 2 further open water dives for practical application<br>\u2714\ufe0f Individual training with experienced diving instructors<\/p>\n\n\n\n<h2 class=\"wp-block-heading\">Why Underwater Navigator?<\/h2>\n\n\n\n<ul class=\"wp-block-list\">\n<li>Navigate safely and efficiently under water<\/li>\n\n\n\n<li>Mastering complex patterns and diving routes<\/li>\n\n\n\n<li>Small groups and personal support<\/li>\n\n\n\n<li>Improve observation skills and orientation<\/li>\n<\/ul>\n\n\n\n<h2 class=\"wp-block-heading\">Key Facts<\/h2>\n\n\n\n<ul class=\"wp-block-list\">\n<li>Prerequisites: Open Water Diver (or equivalent)<\/li>\n\n\n\n<li>Minimum age: 12 years<\/li>\n\n\n\n<li>Duration: 2 attendance days + 2-4 hours eLearning<\/li>\n\n\n\n<li>Location: Lake in the region<\/li>\n<\/ul>\n\n\n\n<p><strong>Register now and become a master of underwater navigation!<\/strong><br>\ud83d\udce9 <strong><a href=\"https:\/\/darkdiving.de\/en\/?page_id=386\" data-type=\"page\" data-id=\"386\">Register<\/a> <\/strong>and perfect your underwater navigation skills.<\/p>","protected":false},"excerpt":{"rendered":"<p>Finde deinen Weg unter Wasser! Willst du der Taucher sein, dem alle folgen, weil du immer genau wei\u00dft, wo du bist und wohin du gehst?Mit dem Underwater Navigator Kurs lernst du pr\u00e4zise Navigation unter Wasser, verbesserst deine Beobachtungsgabe und orientierst dich sicher mit Kompass und nat\u00fcrlichen Orientierungspunkten. So l\u00e4uft dein Kurs ab: Theorie &amp; eLearning [&hellip;]<\/p>\n","protected":false},"author":1,"featured_media":0,"parent":0,"menu_order":0,"comment_status":"closed","ping_status":"closed","template":"","meta":{"footnotes":""},"class_list":["post-338","page","type-page","status-publish","hentry"],"_links":{"self":[{"href":"https:\/\/darkdiving.de\/en\/wp-json\/wp\/v2\/pages\/338","targetHints":{"allow":["GET"]}}],"collection":[{"href":"https:\/\/darkdiving.de\/en\/wp-json\/wp\/v2\/pages"}],"about":[{"href":"https:\/\/darkdiving.de\/en\/wp-json\/wp\/v2\/types\/page"}],"author":[{"embeddable":true,"href":"https:\/\/darkdiving.de\/en\/wp-json\/wp\/v2\/users\/1"}],"replies":[{"embeddable":true,"href":"https:\/\/darkdiving.de\/en\/wp-json\/wp\/v2\/comments?post=338"}],"version-history":[{"count":6,"href":"https:\/\/darkdiving.de\/en\/wp-json\/wp\/v2\/pages\/338\/revisions"}],"predecessor-version":[{"id":1171,"href":"https:\/\/darkdiving.de\/en\/wp-json\/wp\/v2\/pages\/338\/revisions\/1171"}],"wp:attachment":[{"href":"https:\/\/darkdiving.de\/en\/wp-json\/wp\/v2\/media?parent=338"}],"curies":[{"name":"wp","href":"https:\/\/api.w.org\/{rel}","templated":true}]}}