{"id":329,"date":"2025-08-22T09:38:30","date_gmt":"2025-08-22T07:38:30","guid":{"rendered":"https:\/\/darkdiving.de\/?page_id=329"},"modified":"2026-04-01T09:08:33","modified_gmt":"2026-04-01T07:08:33","slug":"emergency-oxygen-provider","status":"publish","type":"page","link":"https:\/\/darkdiving.de\/en\/emergency-oxygen-provider\/","title":{"rendered":"Emergency Oxygen Provider"},"content":{"rendered":"<h1 class=\"wp-block-heading\">Be ready to save lives!<\/h1>\n\n\n\n<p>Safety under water can save lives - and you can be a part of it.<br>With the <strong>Emergency Oxygen Provider Course<\/strong> you will learn an invaluable skill: the correct use of emergency oxygen in diving accidents. Be prepared to act calmly and effectively in critical situations.<\/p>\n\n\n\n<h2 class=\"wp-block-heading\">This is how your training works:<\/h2>\n\n\n\n<h3 class=\"wp-block-heading\">Theory with eLearning<\/h3>\n\n\n\n<p>\u2714\ufe0f 2-4 hours of interactive eLearning<br>\u2714\ufe0f Learn when and how to administer emergency oxygen<br>\u2714\ufe0f Recognize injuries and illnesses during diving that require immediate oxygen administration<\/p>\n\n\n\n<h3 class=\"wp-block-heading\">Presence day - practical exercises<\/h3>\n\n\n\n<p>\u2714\ufe0f Theorie<br>\u2714\ufe0f Practical exercises<br>\u2714\ufe0f Structure of an oxygen unit, correct application and handling<\/p>\n\n\n\n<h2 class=\"wp-block-heading\">Why this course?<\/h2>\n\n\n\n<ul class=\"wp-block-list\">\n<li>Expand your underwater safety skills<\/li>\n\n\n\n<li>Learn from experienced instructors in small groups<\/li>\n\n\n\n<li>Perfect for divers, boat crews, lifeguards or anyone who spends time in the water<\/li>\n\n\n\n<li>Practical training in a realistic environment<\/li>\n<\/ul>\n\n\n\n<h2 class=\"wp-block-heading\">Key Facts<\/h2>\n\n\n\n<ul class=\"wp-block-list\">\n<li>Prerequisites: No specific diving requirements<\/li>\n\n\n\n<li>Duration: 1 attendance day + 2-4 hours eLearning<\/li>\n<\/ul>\n\n\n\n<p><strong>Register now and master underwater safety!<\/strong><br>\ud83d\udce9 <strong><a href=\"https:\/\/darkdiving.de\/en\/?page_id=386\" data-type=\"page\" data-id=\"386\">Register<\/a> <\/strong>and take your skills to a new level.<\/p>","protected":false},"excerpt":{"rendered":"<p>Sei bereit, Leben zu retten! Sicherheit unter Wasser kann Leben retten \u2013 und du kannst ein Teil davon sein.Mit dem Emergency Oxygen Provider Kurs erlernst du eine unsch\u00e4tzbare F\u00e4higkeit: die korrekte Anwendung von Notfallsauerstoff bei Tauchunf\u00e4llen. Sei vorbereitet, um in kritischen Situationen ruhig und effektiv zu handeln. So l\u00e4uft dein Training ab: Theorie &amp; eLearning [&hellip;]<\/p>\n","protected":false},"author":1,"featured_media":0,"parent":0,"menu_order":0,"comment_status":"closed","ping_status":"closed","template":"","meta":{"footnotes":""},"class_list":["post-329","page","type-page","status-publish","hentry"],"_links":{"self":[{"href":"https:\/\/darkdiving.de\/en\/wp-json\/wp\/v2\/pages\/329","targetHints":{"allow":["GET"]}}],"collection":[{"href":"https:\/\/darkdiving.de\/en\/wp-json\/wp\/v2\/pages"}],"about":[{"href":"https:\/\/darkdiving.de\/en\/wp-json\/wp\/v2\/types\/page"}],"author":[{"embeddable":true,"href":"https:\/\/darkdiving.de\/en\/wp-json\/wp\/v2\/users\/1"}],"replies":[{"embeddable":true,"href":"https:\/\/darkdiving.de\/en\/wp-json\/wp\/v2\/comments?post=329"}],"version-history":[{"count":7,"href":"https:\/\/darkdiving.de\/en\/wp-json\/wp\/v2\/pages\/329\/revisions"}],"predecessor-version":[{"id":1151,"href":"https:\/\/darkdiving.de\/en\/wp-json\/wp\/v2\/pages\/329\/revisions\/1151"}],"wp:attachment":[{"href":"https:\/\/darkdiving.de\/en\/wp-json\/wp\/v2\/media?parent=329"}],"curies":[{"name":"wp","href":"https:\/\/api.w.org\/{rel}","templated":true}]}}