{"id":326,"date":"2025-08-22T09:35:53","date_gmt":"2025-08-22T07:35:53","guid":{"rendered":"https:\/\/darkdiving.de\/?page_id=326"},"modified":"2026-04-01T09:12:20","modified_gmt":"2026-04-01T07:12:20","slug":"dry-suit-diver","status":"publish","type":"page","link":"https:\/\/darkdiving.de\/en\/dry-suit-diver\/","title":{"rendered":"Dry Suit Diver"},"content":{"rendered":"<h1 class=\"wp-block-heading\">Dive even in cold waters!<\/h1>\n\n\n\n<p>Ready for the ultimate underwater experience?<br>With the <strong>Dry Suit Diver Course<\/strong> you can discover the depths like never before - without cold feet or wet neoprene. Glide weightlessly through crystal-clear water, surrounded by fascinating sea creatures, and expand your diving options to a whole new level.<\/p>\n\n\n\n<h2 class=\"wp-block-heading\">This is how your adventure works:<\/h2>\n\n\n\n<h3 class=\"wp-block-heading\">Theory with eLearning<\/h3>\n\n\n\n<p>\u2714\ufe0f 2-4 hours of interactive eLearning<br>\u2714\ufe0f Learn all about the right drysuit, undergarments, care and maintenance<br>\u2714\ufe0f Avoid common problems and learn how to dive safely at all times<\/p>\n\n\n\n<h3 class=\"wp-block-heading\">Attendance day - practice &amp; open water dives<\/h3>\n\n\n\n<p>\u2714\ufe0f Theorie<br>\u2714\ufe0f Two open water dives to put what you have learned directly into practice<br>\u2714\ufe0f Experience weightlessness, control and sovereignty under water<\/p>\n\n\n\n<h2 class=\"wp-block-heading\">Why Dry Suit Diver?<\/h2>\n\n\n\n<ul class=\"wp-block-list\">\n<li>Dive even in colder waters - without freezing<\/li>\n<\/ul>\n\n\n\n<h2 class=\"wp-block-heading\">Key Facts<\/h2>\n\n\n\n<ul class=\"wp-block-list\">\n<li>Voraussetzungen: Open Water Diver<\/li>\n\n\n\n<li>Minimum age: 15 years<\/li>\n\n\n\n<li>Duration: 1 attendance day + 2-4 hours eLearning<\/li>\n\n\n\n<li>Location: Lake in the region<\/li>\n<\/ul>\n\n\n\n<p><strong>Register now and experience the freedom of dry suit diving!<\/strong><br>\ud83d\udce9 <strong><a href=\"https:\/\/darkdiving.de\/en\/?page_id=386\" data-type=\"page\" data-id=\"386\">Register<\/a> <\/strong>and start your underwater adventures even in cold waters.<\/p>","protected":false},"excerpt":{"rendered":"<p>Tauche auch in kalten Gew\u00e4ssern ab! Bereit f\u00fcr das ultimative Unterwassererlebnis?Mit dem Dry Suit Diver Kurs entdeckst du die Tiefe wie nie zuvor \u2013 ohne kalte F\u00fc\u00dfe oder nasses Neopren. Gleite schwerelos durch kristallklares Wasser, umgeben von faszinierenden Meeresbewohnern, und erweitere deine Tauchm\u00f6glichkeiten auf ein v\u00f6llig neues Level. So l\u00e4uft dein Abenteuer ab: Theorie &amp; [&hellip;]<\/p>\n","protected":false},"author":1,"featured_media":0,"parent":0,"menu_order":0,"comment_status":"closed","ping_status":"closed","template":"","meta":{"footnotes":""},"class_list":["post-326","page","type-page","status-publish","hentry"],"_links":{"self":[{"href":"https:\/\/darkdiving.de\/en\/wp-json\/wp\/v2\/pages\/326","targetHints":{"allow":["GET"]}}],"collection":[{"href":"https:\/\/darkdiving.de\/en\/wp-json\/wp\/v2\/pages"}],"about":[{"href":"https:\/\/darkdiving.de\/en\/wp-json\/wp\/v2\/types\/page"}],"author":[{"embeddable":true,"href":"https:\/\/darkdiving.de\/en\/wp-json\/wp\/v2\/users\/1"}],"replies":[{"embeddable":true,"href":"https:\/\/darkdiving.de\/en\/wp-json\/wp\/v2\/comments?post=326"}],"version-history":[{"count":8,"href":"https:\/\/darkdiving.de\/en\/wp-json\/wp\/v2\/pages\/326\/revisions"}],"predecessor-version":[{"id":1158,"href":"https:\/\/darkdiving.de\/en\/wp-json\/wp\/v2\/pages\/326\/revisions\/1158"}],"wp:attachment":[{"href":"https:\/\/darkdiving.de\/en\/wp-json\/wp\/v2\/media?parent=326"}],"curies":[{"name":"wp","href":"https:\/\/api.w.org\/{rel}","templated":true}]}}