{"id":292,"date":"2025-08-22T09:13:15","date_gmt":"2025-08-22T07:13:15","guid":{"rendered":"https:\/\/darkdiving.de\/?page_id=292"},"modified":"2026-04-01T09:13:28","modified_gmt":"2026-04-01T07:13:28","slug":"jowd","status":"publish","type":"page","link":"https:\/\/darkdiving.de\/en\/jowd\/","title":{"rendered":"Junior Open Water Diver"},"content":{"rendered":"<h1 class=\"wp-block-heading\">Your ticket to the underwater world!<\/h1>\n\n\n\n<p>You don't just want to get a taste, but <strong>learn to dive properly<\/strong>?<br>With the <strong>Junior Open Water Diver Kurs<\/strong> you take the decisive step - and become a real, independent diver!<\/p>\n\n\n\n<p>This course is your key to a new world full of adventure, freedom and unforgettable experiences.<\/p>\n\n\n\n<h2 class=\"wp-block-heading\">This is how your adventure works:<\/h2>\n\n\n\n<h3 class=\"wp-block-heading\">Self-study with eLearning<\/h3>\n\n\n\n<p>\u2714\ufe0f Learn the basics of diving - when and where you want.<br>\u2714\ufe0f Completely flexible: whether on a PC, tablet or smartphone, online or offline.<br>\u2714\ufe0f Dein Instructor ist jederzeit f\u00fcr dich da, wenn du Fragen hast.<br> Time required: 5-10 hours<\/p>\n\n\n\n<h3 class=\"wp-block-heading\">With us - training with your instructor<\/h3>\n\n\n\n<p>\u2714\ufe0f Practice step by step in the pool or in a pool-like environment until you feel confident.<br>\u2714\ufe0f Learn how to use your diving equipment correctly.<br>\u2714\ufe0f Train in small \"mini dives\" to gain confidence and safety.<br>\u2714\ufe0f Then experience <strong>Four exciting open water dives<\/strong>where you put what you have learned into practice in the real ocean.<\/p>\n\n\n\n<p>      Total time required: approx. 4 days<br>      Depth: Up to 12 meters (for young divers); maximum depth 18 meters<br>      Minimum age: 10 years<br>      Prerequisite: swimming skills &amp; health fitness<\/p>\n\n\n\n<h2 class=\"wp-block-heading\">Why Junior Open Water Diver?<\/h2>\n\n\n\n<p>With the Junior Open Water Diver you are no longer just a guest in the underwater world - you become part of it.<br>You will receive an internationally recognized diving certificate that will open doors to adventures all over the world.<\/p>\n\n\n\n<p><strong>Start your adventure now and become a certified Junior Open Water Diver!<\/strong><br>\ud83d\udce9 <strong><a href=\"https:\/\/darkdiving.de\/en\/?page_id=386\" data-type=\"page\" data-id=\"386\">Register<\/a> <\/strong>and take the first step towards freedom under water.<\/p>\n\n\n\n<p><\/p>","protected":false},"excerpt":{"rendered":"<p>Dein Ticket in die Unterwasserwelt! Du willst nicht nur schnuppern, sondern richtig tauchen lernen?Mit dem Junior Open Water Diver Kurs machst du den entscheidenden Schritt \u2013 und wirst zum echten, selbstst\u00e4ndigen Taucher! Dieser Kurs ist dein Schl\u00fcssel zu einer neuen Welt voller Abenteuer, Freiheit und unvergesslicher Erlebnisse. So l\u00e4uft dein Abenteuer ab: Selbststudium mit eLearning [&hellip;]<\/p>\n","protected":false},"author":1,"featured_media":0,"parent":0,"menu_order":0,"comment_status":"closed","ping_status":"closed","template":"","meta":{"footnotes":""},"class_list":["post-292","page","type-page","status-publish","hentry"],"_links":{"self":[{"href":"https:\/\/darkdiving.de\/en\/wp-json\/wp\/v2\/pages\/292","targetHints":{"allow":["GET"]}}],"collection":[{"href":"https:\/\/darkdiving.de\/en\/wp-json\/wp\/v2\/pages"}],"about":[{"href":"https:\/\/darkdiving.de\/en\/wp-json\/wp\/v2\/types\/page"}],"author":[{"embeddable":true,"href":"https:\/\/darkdiving.de\/en\/wp-json\/wp\/v2\/users\/1"}],"replies":[{"embeddable":true,"href":"https:\/\/darkdiving.de\/en\/wp-json\/wp\/v2\/comments?post=292"}],"version-history":[{"count":4,"href":"https:\/\/darkdiving.de\/en\/wp-json\/wp\/v2\/pages\/292\/revisions"}],"predecessor-version":[{"id":1161,"href":"https:\/\/darkdiving.de\/en\/wp-json\/wp\/v2\/pages\/292\/revisions\/1161"}],"wp:attachment":[{"href":"https:\/\/darkdiving.de\/en\/wp-json\/wp\/v2\/media?parent=292"}],"curies":[{"name":"wp","href":"https:\/\/api.w.org\/{rel}","templated":true}]}}