{"id":1190,"date":"2026-04-01T10:18:37","date_gmt":"2026-04-01T08:18:37","guid":{"rendered":"https:\/\/darkdiving.de\/?page_id=1190"},"modified":"2026-04-01T10:18:37","modified_gmt":"2026-04-01T08:18:37","slug":"night-diver","status":"publish","type":"page","link":"https:\/\/darkdiving.de\/en\/night-diver\/","title":{"rendered":"Night Diver"},"content":{"rendered":"<p>Dive into the darkness\u2014and discover a whole new world!<\/p>\n\n\n\n<p>As soon as the sun goes down, a whole new adventure begins underwater.<br>During night dives, everything changes: colors, sounds, and above all, the behavior of the underwater world.<\/p>\n\n\n\n<p>In the Night Diver specialty course, you\u2019ll learn how to move safely in the dark, properly assess your surroundings, and fully enjoy this unique atmosphere.<\/p>\n\n\n\n<h3 class=\"wp-block-heading\">This is how your adventure works:<\/h3>\n\n\n\n<p><strong>Theory with eLearning<\/strong><br>\u2714\ufe0f 2-4 hours of interactive eLearning<br>\u2714\ufe0f Understand the unique aspects of night diving<br>\u2714\ufe0f Using light, orientation, and communication in the dark<\/p>\n\n\n\n<p><strong>In-Person Day \/ Evening \u2013 Water-Based Practice<\/strong><br>\u2714\ufe0f Detailed pre-dive briefing<br>\u2714\ufe0f Preparation and the right gear for the night<br>\u2714\ufe0f Two night dives in open water<br>\u2714\ufe0f Navigation and communication using light signals<br>\u2714\ufe0f Experience the nocturnal underwater world<\/p>\n\n\n\n<h3 class=\"wp-block-heading\">Why Night Diver?<\/h3>\n\n\n\n<p>Discover a whole new side of your dive sites<br>Observe nocturnal animals and fascinating light displays<br>Improve your sense of direction and awareness<br>Build your confidence and stay calm underwater<br>Unforgettable experiences in a special atmosphere<\/p>\n\n\n\n<h3 class=\"wp-block-heading\">Key Facts<\/h3>\n\n\n\n<p><strong>Prerequisites:<\/strong> Open Water Diver<br><strong>Minimum age:<\/strong> 12 years<br><strong>Duration:<\/strong> 1 evening + 2\u20134 hours of e-learning<br><strong>Location:<\/strong> Lake in the region<\/p>\n\n\n\n<p>Sign up now and turn the night into an adventure!<br>\ud83d\udce9 <strong><a href=\"https:\/\/darkdiving.de\/en\/?page_id=386\" data-type=\"page\" data-id=\"386\">Register<\/a> <\/strong> and start your next great diving adventure.<\/p>","protected":false},"excerpt":{"rendered":"<p>Tauche ein in die Dunkelheit \u2013 und entdecke eine neue Welt! Sobald die Sonne untergeht, beginnt unter Wasser ein v\u00f6llig anderes Abenteuer.Beim Nachttauchen ver\u00e4ndert sich alles: Farben, Ger\u00e4usche und vor allem das Verhalten der Unterwasserwelt. Mit dem Night Diver Spezialkurs lernst du, dich sicher in der Dunkelheit zu bewegen, deine Umgebung richtig wahrzunehmen und diese [&hellip;]<\/p>\n","protected":false},"author":1,"featured_media":0,"parent":0,"menu_order":0,"comment_status":"closed","ping_status":"closed","template":"","meta":{"footnotes":""},"class_list":["post-1190","page","type-page","status-publish","hentry"],"_links":{"self":[{"href":"https:\/\/darkdiving.de\/en\/wp-json\/wp\/v2\/pages\/1190","targetHints":{"allow":["GET"]}}],"collection":[{"href":"https:\/\/darkdiving.de\/en\/wp-json\/wp\/v2\/pages"}],"about":[{"href":"https:\/\/darkdiving.de\/en\/wp-json\/wp\/v2\/types\/page"}],"author":[{"embeddable":true,"href":"https:\/\/darkdiving.de\/en\/wp-json\/wp\/v2\/users\/1"}],"replies":[{"embeddable":true,"href":"https:\/\/darkdiving.de\/en\/wp-json\/wp\/v2\/comments?post=1190"}],"version-history":[{"count":1,"href":"https:\/\/darkdiving.de\/en\/wp-json\/wp\/v2\/pages\/1190\/revisions"}],"predecessor-version":[{"id":1191,"href":"https:\/\/darkdiving.de\/en\/wp-json\/wp\/v2\/pages\/1190\/revisions\/1191"}],"wp:attachment":[{"href":"https:\/\/darkdiving.de\/en\/wp-json\/wp\/v2\/media?parent=1190"}],"curies":[{"name":"wp","href":"https:\/\/api.w.org\/{rel}","templated":true}]}}