{"id":3,"date":"2025-08-20T15:23:08","date_gmt":"2025-08-20T13:23:08","guid":{"rendered":"http:\/\/darkdiving.de\/?page_id=3"},"modified":"2025-10-31T11:24:23","modified_gmt":"2025-10-31T10:24:23","slug":"datenschutzerklaerung","status":"publish","type":"page","link":"http:\/\/darkdiving.de\/en\/datenschutzerklaerung\/","title":{"rendered":"Privacy Policy"},"content":{"rendered":"\n<p class=\"has-text-align-center\"><\/p>\n\n\n\n<hr class=\"wp-block-separator has-alpha-channel-opacity\"\/>\n\n\n\n<h2 class=\"wp-block-heading has-text-align-center\">1. Verantwortlicher<\/h2>\n\n\n\n<p class=\"has-text-align-center\">Verantwortlich f\u00fcr die Datenverarbeitung auf dieser Website ist:<\/p>\n\n\n\n<p class=\"has-text-align-center\"><strong>darkdiving<\/strong><br>Thomas Dunkel \/ Inhaber<br><br>93059 Regensburg<br>Telefon: <br>E-Mail: tommy(at)darkdiving.de<\/p>\n\n\n\n<hr class=\"wp-block-separator has-alpha-channel-opacity\"\/>\n\n\n\n<h3 class=\"wp-block-heading has-text-align-center\">2. Allgemeine Hinweise zur Datenverarbeitung<\/h3>\n\n\n\n<p class=\"has-text-align-center\">Wir nehmen den Schutz Ihrer pers\u00f6nlichen Daten sehr ernst. Personenbezogene Daten werden vertraulich und entsprechend der gesetzlichen Datenschutzvorschriften (insbesondere DSGVO) sowie dieser Datenschutzerkl\u00e4rung behandelt.<\/p>\n\n\n\n<p class=\"has-text-align-center\">Die Nutzung unserer Website ist in der Regel ohne Angabe personenbezogener Daten m\u00f6glich. Soweit personenbezogene Daten (z. B. Name, E-Mail-Adresse, Telefonnummer) erhoben werden, erfolgt dies stets auf freiwilliger Basis. Diese Daten werden ohne Ihre ausdr\u00fcckliche Zustimmung nicht an Dritte weitergegeben, au\u00dfer es besteht eine gesetzliche Verpflichtung.<\/p>\n\n\n\n<hr class=\"wp-block-separator has-alpha-channel-opacity\"\/>\n\n\n\n<h3 class=\"wp-block-heading has-text-align-center\">3. Hosting<\/h3>\n\n\n\n<p class=\"has-text-align-center\">Unsere Website wird bei domainFactory gehostet. Der Hosting-Dienstleister speichert automatisch sogenannte Server-Logfiles, die Ihr Browser automatisch an uns \u00fcbermittelt. Dies sind:<\/p>\n\n\n\n<ul class=\"wp-block-list\">\n<li>Browsertyp und Browserversion<\/li>\n\n\n\n<li>verwendetes Betriebssystem<\/li>\n\n\n\n<li>Referrer-URL<\/li>\n\n\n\n<li>Hostname des zugreifenden Rechners<\/li>\n\n\n\n<li>Uhrzeit der Serveranfrage<\/li>\n\n\n\n<li>IP-Adresse<\/li>\n<\/ul>\n\n\n\n<p class=\"has-text-align-center\">Eine Zusammenf\u00fchrung dieser Daten mit anderen Datenquellen wird nicht vorgenommen.<\/p>\n\n\n\n<hr class=\"wp-block-separator has-alpha-channel-opacity\"\/>\n\n\n\n<h3 class=\"wp-block-heading has-text-align-center\">4. Kontaktaufnahme<\/h3>\n\n\n\n<p class=\"has-text-align-center\">Wenn Sie uns per Kontaktformular, E-Mail oder Telefon Anfragen zukommen lassen, werden Ihre Angaben inklusive der von Ihnen angegebenen Kontaktdaten zwecks Bearbeitung der Anfrage und f\u00fcr den Fall von Anschlussfragen gespeichert. Diese Daten geben wir nicht ohne Ihre Einwilligung weiter.<\/p>\n\n\n\n<hr class=\"wp-block-separator has-alpha-channel-opacity\"\/>\n\n\n\n<h3 class=\"wp-block-heading has-text-align-center\">5. Buchungen &amp; Kurse<\/h3>\n\n\n\n<p class=\"has-text-align-center\">Sofern Sie \u00fcber unsere Website Buchungen oder Kursanmeldungen vornehmen, werden die zur Durchf\u00fchrung notwendigen Daten (Name, Anschrift, Kontaktdaten, ggf. Zahlungsdaten) verarbeitet. Rechtsgrundlage ist Art. 6 Abs. 1 lit. b DSGVO (Vertragserf\u00fcllung).<\/p>\n\n\n\n<hr class=\"wp-block-separator has-alpha-channel-opacity\"\/>\n\n\n\n<h3 class=\"wp-block-heading has-text-align-center\">6. Cookies<\/h3>\n\n\n\n<p class=\"has-text-align-center\">Unsere Website verwendet teilweise Cookies. Cookies richten auf Ihrem Rechner keinen Schaden an und enthalten keine Viren. Sie dienen dazu, unser Angebot nutzerfreundlicher, effektiver und sicherer zu machen.<\/p>\n\n\n\n<p class=\"has-text-align-center\">Sie k\u00f6nnen Ihren Browser so einstellen, dass Sie \u00fcber das Setzen von Cookies informiert werden, Cookies nur im Einzelfall erlauben, die Annahme von Cookies f\u00fcr bestimmte F\u00e4lle oder generell ausschlie\u00dfen sowie das automatische L\u00f6schen der Cookies beim Schlie\u00dfen des Browsers aktivieren.<\/p>\n\n\n\n<hr class=\"wp-block-separator has-alpha-channel-opacity\"\/>\n\n\n\n<h3 class=\"wp-block-heading has-text-align-center\">7. Analyse-Tools &amp; Marketing<\/h3>\n\n\n\n<p class=\"has-text-align-center\">Falls wir Analyse- oder Marketing-Tools (z. B. Google Analytics, Meta Pixel, etc.) einsetzen, informieren wir Sie hier\u00fcber detailliert. [Falls noch nicht aktiv, kannst du diesen Punkt aktuell neutral halten oder l\u00f6schen.]<\/p>\n\n\n\n<hr class=\"wp-block-separator has-alpha-channel-opacity\"\/>\n\n\n\n<h3 class=\"wp-block-heading has-text-align-center\">8. Social Media<\/h3>\n\n\n\n<p class=\"has-text-align-center\">Auf unserer Website k\u00f6nnen Links zu Social-Media-Plattformen (z. B. Instagram, Facebook) enthalten sein. Beim Klick auf die Links verlassen Sie unsere Website, es gelten dann die Datenschutzrichtlinien der jeweiligen Plattformbetreiber.<\/p>\n\n\n\n<hr class=\"wp-block-separator has-alpha-channel-opacity\"\/>\n\n\n\n<h3 class=\"wp-block-heading has-text-align-center\">9. Ihre Rechte<\/h3>\n\n\n\n<p class=\"has-text-align-center\">Sie haben jederzeit das Recht auf:<\/p>\n\n\n\n<ul class=\"wp-block-list\">\n<li>Auskunft \u00fcber Ihre gespeicherten personenbezogenen Daten (Art. 15 DSGVO)<\/li>\n\n\n\n<li>Berichtigung unrichtiger Daten (Art. 16 DSGVO)<\/li>\n\n\n\n<li>L\u00f6schung Ihrer Daten (Art. 17 DSGVO)<\/li>\n\n\n\n<li>Einschr\u00e4nkung der Verarbeitung (Art. 18 DSGVO)<\/li>\n\n\n\n<li>Widerspruch gegen die Verarbeitung (Art. 21 DSGVO)<\/li>\n\n\n\n<li>Daten\u00fcbertragbarkeit (Art. 20 DSGVO)<\/li>\n<\/ul>\n\n\n\n<p class=\"has-text-align-center\">Hierzu sowie zu weiteren Fragen zum Thema personenbezogene Daten k\u00f6nnen Sie sich jederzeit unter der im Impressum angegebenen Adresse an uns wenden.<\/p>\n\n\n\n<hr class=\"wp-block-separator has-alpha-channel-opacity\"\/>\n\n\n\n<h3 class=\"wp-block-heading has-text-align-center\">10. Beschwerderecht<\/h3>\n\n\n\n<p class=\"has-text-align-center\">Im Falle datenschutzrechtlicher Verst\u00f6\u00dfe steht Ihnen ein Beschwerderecht bei der zust\u00e4ndigen Aufsichtsbeh\u00f6rde zu. Die zust\u00e4ndige Aufsichtsbeh\u00f6rde in datenschutzrechtlichen Fragen ist der Landesdatenschutzbeauftragte des Bundeslandes, in dem unser Unternehmen seinen Sitz hat.<\/p>\n\n\n\n<hr class=\"wp-block-separator has-alpha-channel-opacity\"\/>\n\n\n\n<h3 class=\"wp-block-heading has-text-align-center\">11. SSL- bzw. TLS-Verschl\u00fcsselung<\/h3>\n\n\n\n<p class=\"has-text-align-center\">Unsere Website nutzt aus Sicherheitsgr\u00fcnden und zum Schutz der \u00dcbertragung vertraulicher Inhalte (z. B. Anfragen \u00fcber das Kontaktformular) eine SSL- bzw. TLS-Verschl\u00fcsselung.<\/p>\n\n\n\n<hr class=\"wp-block-separator has-alpha-channel-opacity\"\/>\n\n\n\n<h3 class=\"wp-block-heading has-text-align-center\">12. \u00c4nderungen dieser Datenschutzerkl\u00e4rung<\/h3>\n\n\n\n<p class=\"has-text-align-center\">Wir behalten uns vor, diese Datenschutzerkl\u00e4rung k\u00fcnftig anzupassen, damit sie stets den aktuellen rechtlichen Anforderungen entspricht oder \u00c4nderungen unserer Leistungen abbildet.<\/p>\n\n\n\n<p><\/p>\n","protected":false},"excerpt":{"rendered":"<p>1. Verantwortlicher Verantwortlich f\u00fcr die Datenverarbeitung auf dieser Website ist: darkdivingThomas Dunkel \/ Inhaber 93059 RegensburgTelefon: E-Mail: tommy(at)darkdiving.de 2. Allgemeine Hinweise zur Datenverarbeitung Wir nehmen den Schutz Ihrer pers\u00f6nlichen Daten sehr ernst. Personenbezogene Daten werden vertraulich und entsprechend der gesetzlichen Datenschutzvorschriften (insbesondere DSGVO) sowie dieser Datenschutzerkl\u00e4rung behandelt. Die Nutzung unserer Website ist in der Regel [&hellip;]<\/p>\n","protected":false},"author":1,"featured_media":0,"parent":0,"menu_order":0,"comment_status":"closed","ping_status":"closed","template":"","meta":{"footnotes":""},"class_list":["post-3","page","type-page","status-publish","hentry"],"_links":{"self":[{"href":"http:\/\/darkdiving.de\/en\/wp-json\/wp\/v2\/pages\/3","targetHints":{"allow":["GET"]}}],"collection":[{"href":"http:\/\/darkdiving.de\/en\/wp-json\/wp\/v2\/pages"}],"about":[{"href":"http:\/\/darkdiving.de\/en\/wp-json\/wp\/v2\/types\/page"}],"author":[{"embeddable":true,"href":"http:\/\/darkdiving.de\/en\/wp-json\/wp\/v2\/users\/1"}],"replies":[{"embeddable":true,"href":"http:\/\/darkdiving.de\/en\/wp-json\/wp\/v2\/comments?post=3"}],"version-history":[{"count":8,"href":"http:\/\/darkdiving.de\/en\/wp-json\/wp\/v2\/pages\/3\/revisions"}],"predecessor-version":[{"id":955,"href":"http:\/\/darkdiving.de\/en\/wp-json\/wp\/v2\/pages\/3\/revisions\/955"}],"wp:attachment":[{"href":"http:\/\/darkdiving.de\/en\/wp-json\/wp\/v2\/media?parent=3"}],"curies":[{"name":"wp","href":"https:\/\/api.w.org\/{rel}","templated":true}]}}