{"id":2,"date":"2023-05-02T15:23:08","date_gmt":"2023-05-02T13:23:08","guid":{"rendered":"http:\/\/darkdiving.de\/?page_id=2"},"modified":"2025-10-15T09:51:09","modified_gmt":"2025-10-15T07:51:09","slug":"beispiel-seite","status":"publish","type":"page","link":"http:\/\/darkdiving.de\/en\/beispiel-seite\/","title":{"rendered":"Imprint"},"content":{"rendered":"<p class=\"has-text-align-center\"><strong>darkdiving - Learn to dive in Regensburg with Tommy.<\/strong><br>PADI courses, discover dives, dive guides and individual coaching.<\/p>\n\n\n\n<p class=\"has-text-align-center\"><strong>Information according to \u00a7 5 TMG:<\/strong><\/p>\n\n\n\n<p class=\"has-text-align-center\">Thomas Dunkel<br>Lappersdorfer Stra\u00dfe 73<br>93059 Regensburg<br>Web: <a href=\"http:\/\/darkdiving.de\/en\/\">www.darkdiving.de<\/a><\/p>\n\n\n\n<p class=\"has-text-align-center\">E-Mail:&nbsp;<a>tommy(at)darkdiving.de<\/a><\/p>\n\n\n\n<p class=\"has-text-align-center\"><strong>Activity:<\/strong><br>Independent diving instructor (PADI)<br>Offer: Diving courses, trial dives, further training and support in the Regensburg area<\/p>\n\n\n\n<p class=\"has-text-align-center\"><strong>Responsible for the content according to \u00a7 55 Abs. 2 RStV:<\/strong><\/p>\n\n\n\n<p class=\"has-text-align-center\">Thomas Dunkel<br>Lappersdorfer Stra\u00dfe 73<br>93059 Regensburg<br>Web: <a href=\"http:\/\/darkdiving.de\/en\/\">www.darkdiving.de<\/a><\/p>\n\n\n\n<p class=\"has-text-align-center\"><strong>Disclaimer<\/strong><\/p>\n\n\n\n<p class=\"has-text-align-center\"><strong>Liability for content<\/strong><\/p>\n\n\n\n<p class=\"has-text-align-center\">As a service provider, I am responsible for my own content on these pages in accordance with \u00a7 7 para. 1 TMG (German Telemedia Act) and general laws.<br>According to \u00a7\u00a7 8 to 10 TMG, however, I am not obliged as a service provider to monitor transmitted or stored third-party information or to investigate circumstances that indicate illegal activity.<\/p>\n\n\n\n<p class=\"has-text-align-center\">Obligations to remove or block the use of information in accordance with general laws remain unaffected by this.<br>However, liability in this respect is only possible from the time of knowledge of a specific infringement.<br>As soon as I become aware of such infringements, I will remove this content immediately.<\/p>\n\n\n\n<p class=\"has-text-align-center\"><strong>Liability for links<\/strong><\/p>\n\n\n\n<p class=\"has-text-align-center\">My website contains links to external websites of third parties over whose content I have no influence.<br>Therefore, I cannot accept any liability for this third-party content.<br>The respective provider or operator of the pages is always responsible for the content of the linked pages.<br>At the time of linking, the pages were checked for possible legal violations - no illegal content was found.<br>A permanent control of the contents of the linked pages is not reasonable without concrete evidence of an infringement.<br>If I become aware of any legal infringements, I will remove such links immediately.<\/p>\n\n\n\n<p class=\"has-text-align-center\"><strong>Copyright<\/strong><\/p>\n\n\n\n<p class=\"has-text-align-center\">The content and works created by me on these pages are subject to German copyright law.<br>Duplication, processing, distribution and any kind of exploitation outside the limits of copyright law require my written consent.<br>Downloads and copies of this site are only permitted for private, non-commercial use.<\/p>\n\n\n\n<p class=\"has-text-align-center\">Insofar as content on this site was not created by me, the copyrights of third parties are respected and the corresponding content is marked as such.<br>Should you nevertheless become aware of a copyright infringement, please notify me accordingly.<br>If I become aware of any infringements, I will remove such content immediately.<\/p>\n\n\n\n<p><\/p>","protected":false},"excerpt":{"rendered":"<p>darkdiving \u2013 Tauchen lernen in Regensburg mit Tommy.PADI Kurse, Schnuppertauchen, Tauchbegleitung und individuelles Coaching. Angaben gem\u00e4\u00df \u00a7 5 TMG: Thomas DunkelLappersdorfer Stra\u00dfe 7393059 RegensburgWeb: www.darkdiving.de E-Mail:&nbsp;tommy(at)darkdiving.de T\u00e4tigkeit:Selbstst\u00e4ndiger Tauchlehrer (PADI)Angebot: Tauchkurse, Schnuppertauchen, Weiterbildung und Begleitung im Raum Regensburg Verantwortlich f\u00fcr den Inhalt nach \u00a7 55 Abs. 2 RStV: Thomas DunkelLappersdorfer Stra\u00dfe 7393059 RegensburgWeb: www.darkdiving.de Haftungsausschluss (Disclaimer): [&hellip;]<\/p>\n","protected":false},"author":1,"featured_media":0,"parent":0,"menu_order":0,"comment_status":"closed","ping_status":"open","template":"","meta":{"footnotes":""},"class_list":["post-2","page","type-page","status-publish","hentry"],"_links":{"self":[{"href":"http:\/\/darkdiving.de\/en\/wp-json\/wp\/v2\/pages\/2","targetHints":{"allow":["GET"]}}],"collection":[{"href":"http:\/\/darkdiving.de\/en\/wp-json\/wp\/v2\/pages"}],"about":[{"href":"http:\/\/darkdiving.de\/en\/wp-json\/wp\/v2\/types\/page"}],"author":[{"embeddable":true,"href":"http:\/\/darkdiving.de\/en\/wp-json\/wp\/v2\/users\/1"}],"replies":[{"embeddable":true,"href":"http:\/\/darkdiving.de\/en\/wp-json\/wp\/v2\/comments?post=2"}],"version-history":[{"count":6,"href":"http:\/\/darkdiving.de\/en\/wp-json\/wp\/v2\/pages\/2\/revisions"}],"predecessor-version":[{"id":923,"href":"http:\/\/darkdiving.de\/en\/wp-json\/wp\/v2\/pages\/2\/revisions\/923"}],"wp:attachment":[{"href":"http:\/\/darkdiving.de\/en\/wp-json\/wp\/v2\/media?parent=2"}],"curies":[{"name":"wp","href":"https:\/\/api.w.org\/{rel}","templated":true}]}}